{"id":2740,"date":"2025-12-03T16:31:24","date_gmt":"2025-12-03T16:31:24","guid":{"rendered":"https:\/\/mercadeo21marketing.com\/empresa07\/?post_type=product&#038;p=2740"},"modified":"2025-12-03T16:31:34","modified_gmt":"2025-12-03T16:31:34","slug":"detector-portatil-de-gases-pro5-de-5-gases-ventis","status":"publish","type":"product","link":"https:\/\/mercadeo21marketing.com\/empresa07\/product\/detector-portatil-de-gases-pro5-de-5-gases-ventis\/","title":{"rendered":"Detector portatil de gases PRO5 de 5 gases VENTIS"},"content":{"rendered":"","protected":false},"excerpt":{"rendered":"<p>Capacidad de detecci\u00f3n de hasta cuatro gases cr\u00edticos, protecci\u00f3n IP68 contra polvo y agua, soporta inmersi\u00f3n en agua hasta 1.5 metros por una hora.<\/p>\n","protected":false},"featured_media":0,"comment_status":"open","ping_status":"closed","template":"","meta":[],"product_brand":[],"product_cat":[44,62,69],"product_tag":[],"class_list":{"0":"post-2740","1":"product","2":"type-product","3":"status-publish","5":"product_cat-alquiler-equipos-espacio-confinado","6":"product_cat-detector-de-gases","7":"product_cat-equipos-especializados","9":"first","10":"instock","11":"shipping-taxable","12":"product-type-simple"},"_links":{"self":[{"href":"https:\/\/mercadeo21marketing.com\/empresa07\/wp-json\/wp\/v2\/product\/2740","targetHints":{"allow":["GET"]}}],"collection":[{"href":"https:\/\/mercadeo21marketing.com\/empresa07\/wp-json\/wp\/v2\/product"}],"about":[{"href":"https:\/\/mercadeo21marketing.com\/empresa07\/wp-json\/wp\/v2\/types\/product"}],"replies":[{"embeddable":true,"href":"https:\/\/mercadeo21marketing.com\/empresa07\/wp-json\/wp\/v2\/comments?post=2740"}],"wp:attachment":[{"href":"https:\/\/mercadeo21marketing.com\/empresa07\/wp-json\/wp\/v2\/media?parent=2740"}],"wp:term":[{"taxonomy":"product_brand","embeddable":true,"href":"https:\/\/mercadeo21marketing.com\/empresa07\/wp-json\/wp\/v2\/product_brand?post=2740"},{"taxonomy":"product_cat","embeddable":true,"href":"https:\/\/mercadeo21marketing.com\/empresa07\/wp-json\/wp\/v2\/product_cat?post=2740"},{"taxonomy":"product_tag","embeddable":true,"href":"https:\/\/mercadeo21marketing.com\/empresa07\/wp-json\/wp\/v2\/product_tag?post=2740"}],"curies":[{"name":"wp","href":"https:\/\/api.w.org\/{rel}","templated":true}]}}