{"id":2719,"date":"2025-12-03T16:20:32","date_gmt":"2025-12-03T16:20:32","guid":{"rendered":"https:\/\/mercadeo21marketing.com\/empresa07\/?post_type=product&#038;p=2719"},"modified":"2025-12-03T16:20:33","modified_gmt":"2025-12-03T16:20:33","slug":"bloque-retractil-100-ft-3m","status":"publish","type":"product","link":"https:\/\/mercadeo21marketing.com\/empresa07\/product\/bloque-retractil-100-ft-3m\/","title":{"rendered":"Bloque retractil 100 ft. 3M"},"content":{"rendered":"","protected":false},"excerpt":{"rendered":"<div class=\"woocommerce-product-details__short-description\">\n<p>El Bloque Retr\u00e1ctil 3M Protecta 3590670 de 100 pies (30 metros) est\u00e1 dise\u00f1ado para proporcionar una protecci\u00f3n confiable y eficiente contra ca\u00eddas en entornos de trabajo en altura. Este dispositivo de seguridad es ideal para trabajadores en construcci\u00f3n, mantenimiento industrial, telecomunicaciones y cualquier otra industria donde se realicen tareas en altura, garantizando la seguridad y la movilidad del usuario.<\/p>\n<\/div>\n<form class=\"cart\" action=\"https:\/\/somaindustrial.pe\/producto\/bloque-retractil-3m-protecta-3590670-100-ft-30-m\/\" enctype=\"multipart\/form-data\" method=\"post\">\n<div class=\"qib-button-wrapper qib-button-wrapper-12249\"><\/div>\n<\/form>\n","protected":false},"featured_media":0,"comment_status":"open","ping_status":"closed","template":"","meta":[],"product_brand":[],"product_cat":[49,69,57],"product_tag":[],"class_list":{"0":"post-2719","1":"product","2":"type-product","3":"status-publish","5":"product_cat-epp-industrial-y-mineria","6":"product_cat-equipos-especializados","7":"product_cat-proteccion-para-alturas","9":"first","10":"instock","11":"shipping-taxable","12":"product-type-simple"},"_links":{"self":[{"href":"https:\/\/mercadeo21marketing.com\/empresa07\/wp-json\/wp\/v2\/product\/2719","targetHints":{"allow":["GET"]}}],"collection":[{"href":"https:\/\/mercadeo21marketing.com\/empresa07\/wp-json\/wp\/v2\/product"}],"about":[{"href":"https:\/\/mercadeo21marketing.com\/empresa07\/wp-json\/wp\/v2\/types\/product"}],"replies":[{"embeddable":true,"href":"https:\/\/mercadeo21marketing.com\/empresa07\/wp-json\/wp\/v2\/comments?post=2719"}],"wp:attachment":[{"href":"https:\/\/mercadeo21marketing.com\/empresa07\/wp-json\/wp\/v2\/media?parent=2719"}],"wp:term":[{"taxonomy":"product_brand","embeddable":true,"href":"https:\/\/mercadeo21marketing.com\/empresa07\/wp-json\/wp\/v2\/product_brand?post=2719"},{"taxonomy":"product_cat","embeddable":true,"href":"https:\/\/mercadeo21marketing.com\/empresa07\/wp-json\/wp\/v2\/product_cat?post=2719"},{"taxonomy":"product_tag","embeddable":true,"href":"https:\/\/mercadeo21marketing.com\/empresa07\/wp-json\/wp\/v2\/product_tag?post=2719"}],"curies":[{"name":"wp","href":"https:\/\/api.w.org\/{rel}","templated":true}]}}