{"id":2717,"date":"2025-12-03T16:17:22","date_gmt":"2025-12-03T16:17:22","guid":{"rendered":"https:\/\/mercadeo21marketing.com\/empresa07\/?post_type=product&#038;p=2717"},"modified":"2025-12-03T16:17:22","modified_gmt":"2025-12-03T16:17:22","slug":"linea-retractil-10-mt-pat-ngk","status":"publish","type":"product","link":"https:\/\/mercadeo21marketing.com\/empresa07\/product\/linea-retractil-10-mt-pat-ngk\/","title":{"rendered":"L\u00ednea retractil 10 mt. PAT NGK"},"content":{"rendered":"","protected":false},"excerpt":{"rendered":"<div class=\"elementor-element elementor-element-55da1107 e-flex e-con-boxed e-con e-parent e-lazyloaded\" data-id=\"55da1107\" data-element_type=\"container\" data-settings=\"{&quot;background_background&quot;:&quot;classic&quot;}\">\n<div class=\"e-con-inner\">\n<div class=\"elementor-element elementor-element-37a36e7d e-flex e-con-boxed e-con e-child\" data-id=\"37a36e7d\" data-element_type=\"container\">\n<div class=\"e-con-inner\">\n<div class=\"elementor-element elementor-element-53592a92 elementor-widget elementor-widget-woocommerce-product-short-description\" data-id=\"53592a92\" data-element_type=\"widget\" data-widget_type=\"woocommerce-product-short-description.default\">\n<div class=\"elementor-widget-container\">\n<div class=\"woocommerce-product-details__short-description\">\n<p>L\u00ednea retr\u00e1ctil PAT NGK con CABLE DE ACERO GALVANIZADO, de dise\u00f1o para usarse como parte de un sistema de protecci\u00f3n personal contra ca\u00eddas, y reduce la fuerza de impacto vertical en el cuerpo limitando la distancia de ca\u00edda.<\/p>\n<\/div>\n<\/div>\n<\/div>\n<\/div>\n<\/div>\n<\/div>\n<\/div>\n","protected":false},"featured_media":0,"comment_status":"open","ping_status":"closed","template":"","meta":[],"product_brand":[],"product_cat":[49,69,57],"product_tag":[],"class_list":{"0":"post-2717","1":"product","2":"type-product","3":"status-publish","5":"product_cat-epp-industrial-y-mineria","6":"product_cat-equipos-especializados","7":"product_cat-proteccion-para-alturas","9":"first","10":"instock","11":"shipping-taxable","12":"product-type-simple"},"_links":{"self":[{"href":"https:\/\/mercadeo21marketing.com\/empresa07\/wp-json\/wp\/v2\/product\/2717","targetHints":{"allow":["GET"]}}],"collection":[{"href":"https:\/\/mercadeo21marketing.com\/empresa07\/wp-json\/wp\/v2\/product"}],"about":[{"href":"https:\/\/mercadeo21marketing.com\/empresa07\/wp-json\/wp\/v2\/types\/product"}],"replies":[{"embeddable":true,"href":"https:\/\/mercadeo21marketing.com\/empresa07\/wp-json\/wp\/v2\/comments?post=2717"}],"wp:attachment":[{"href":"https:\/\/mercadeo21marketing.com\/empresa07\/wp-json\/wp\/v2\/media?parent=2717"}],"wp:term":[{"taxonomy":"product_brand","embeddable":true,"href":"https:\/\/mercadeo21marketing.com\/empresa07\/wp-json\/wp\/v2\/product_brand?post=2717"},{"taxonomy":"product_cat","embeddable":true,"href":"https:\/\/mercadeo21marketing.com\/empresa07\/wp-json\/wp\/v2\/product_cat?post=2717"},{"taxonomy":"product_tag","embeddable":true,"href":"https:\/\/mercadeo21marketing.com\/empresa07\/wp-json\/wp\/v2\/product_tag?post=2717"}],"curies":[{"name":"wp","href":"https:\/\/api.w.org\/{rel}","templated":true}]}}