{"id":2411,"date":"2025-12-03T05:23:01","date_gmt":"2025-12-03T05:23:01","guid":{"rendered":"https:\/\/mercadeo21marketing.com\/empresa07\/?post_type=product&#038;p=2411"},"modified":"2025-12-03T13:14:15","modified_gmt":"2025-12-03T13:14:15","slug":"casaca-luleaa2-delta-plus","status":"publish","type":"product","link":"https:\/\/mercadeo21marketing.com\/empresa07\/product\/casaca-luleaa2-delta-plus\/","title":{"rendered":"Casaca LuleaA2 DELTA PLUS"},"content":{"rendered":"","protected":false},"excerpt":{"rendered":"<p>Casaca LULEA2 con cierre por cremallera antifr\u00edo, pu\u00f1os con acabado ribete bajo de la prenda ajustado por cord\u00f3n el\u00e1stico con 5 bolsillos.<br \/>\nTejido \u201cSoftshell\u201d 96% poli\u00e9ster 4% elastano.<br \/>\nColor: Gris-Negro.<\/p>\n","protected":false},"featured_media":0,"comment_status":"closed","ping_status":"closed","template":"","meta":[],"product_brand":[],"product_cat":[49,55],"product_tag":[],"class_list":{"0":"post-2411","1":"product","2":"type-product","3":"status-publish","5":"product_cat-epp-industrial-y-mineria","6":"product_cat-proteccion-corporal","8":"first","9":"instock","10":"shipping-taxable","11":"product-type-simple"},"_links":{"self":[{"href":"https:\/\/mercadeo21marketing.com\/empresa07\/wp-json\/wp\/v2\/product\/2411","targetHints":{"allow":["GET"]}}],"collection":[{"href":"https:\/\/mercadeo21marketing.com\/empresa07\/wp-json\/wp\/v2\/product"}],"about":[{"href":"https:\/\/mercadeo21marketing.com\/empresa07\/wp-json\/wp\/v2\/types\/product"}],"replies":[{"embeddable":true,"href":"https:\/\/mercadeo21marketing.com\/empresa07\/wp-json\/wp\/v2\/comments?post=2411"}],"wp:attachment":[{"href":"https:\/\/mercadeo21marketing.com\/empresa07\/wp-json\/wp\/v2\/media?parent=2411"}],"wp:term":[{"taxonomy":"product_brand","embeddable":true,"href":"https:\/\/mercadeo21marketing.com\/empresa07\/wp-json\/wp\/v2\/product_brand?post=2411"},{"taxonomy":"product_cat","embeddable":true,"href":"https:\/\/mercadeo21marketing.com\/empresa07\/wp-json\/wp\/v2\/product_cat?post=2411"},{"taxonomy":"product_tag","embeddable":true,"href":"https:\/\/mercadeo21marketing.com\/empresa07\/wp-json\/wp\/v2\/product_tag?post=2411"}],"curies":[{"name":"wp","href":"https:\/\/api.w.org\/{rel}","templated":true}]}}