{"id":2405,"date":"2025-12-03T05:19:49","date_gmt":"2025-12-03T05:19:49","guid":{"rendered":"https:\/\/mercadeo21marketing.com\/empresa07\/?post_type=product&#038;p=2405"},"modified":"2025-12-03T13:14:28","modified_gmt":"2025-12-03T13:14:28","slug":"zapato-de-seguridad-gargas-delta-plus","status":"publish","type":"product","link":"https:\/\/mercadeo21marketing.com\/empresa07\/product\/zapato-de-seguridad-gargas-delta-plus\/","title":{"rendered":"Zapato de seguridad Gargas DELTA PLUS"},"content":{"rendered":"","protected":false},"excerpt":{"rendered":"<p>Calzado gama CLASSIC +. Gargas II S1P SRC, de cuero crup\u00f3n grabada, forro poliamida absorbente, plantilla interior fija poliamida sobre EVA, suela inyectada \u2013 PU bi-densidad, suela antiperforaci\u00f3n y puntera de protecci\u00f3n de acero inoxidable contra los golpes y aplastamiento bajo una carga m\u00e1xima de 15 kN.<\/p>\n","protected":false},"featured_media":0,"comment_status":"closed","ping_status":"closed","template":"","meta":[],"product_brand":[],"product_cat":[49,54],"product_tag":[],"class_list":{"0":"post-2405","1":"product","2":"type-product","3":"status-publish","5":"product_cat-epp-industrial-y-mineria","6":"product_cat-proteccion-pies","8":"first","9":"instock","10":"shipping-taxable","11":"product-type-simple"},"_links":{"self":[{"href":"https:\/\/mercadeo21marketing.com\/empresa07\/wp-json\/wp\/v2\/product\/2405","targetHints":{"allow":["GET"]}}],"collection":[{"href":"https:\/\/mercadeo21marketing.com\/empresa07\/wp-json\/wp\/v2\/product"}],"about":[{"href":"https:\/\/mercadeo21marketing.com\/empresa07\/wp-json\/wp\/v2\/types\/product"}],"replies":[{"embeddable":true,"href":"https:\/\/mercadeo21marketing.com\/empresa07\/wp-json\/wp\/v2\/comments?post=2405"}],"wp:attachment":[{"href":"https:\/\/mercadeo21marketing.com\/empresa07\/wp-json\/wp\/v2\/media?parent=2405"}],"wp:term":[{"taxonomy":"product_brand","embeddable":true,"href":"https:\/\/mercadeo21marketing.com\/empresa07\/wp-json\/wp\/v2\/product_brand?post=2405"},{"taxonomy":"product_cat","embeddable":true,"href":"https:\/\/mercadeo21marketing.com\/empresa07\/wp-json\/wp\/v2\/product_cat?post=2405"},{"taxonomy":"product_tag","embeddable":true,"href":"https:\/\/mercadeo21marketing.com\/empresa07\/wp-json\/wp\/v2\/product_tag?post=2405"}],"curies":[{"name":"wp","href":"https:\/\/api.w.org\/{rel}","templated":true}]}}