{"id":2395,"date":"2025-12-03T05:14:37","date_gmt":"2025-12-03T05:14:37","guid":{"rendered":"https:\/\/mercadeo21marketing.com\/empresa07\/?post_type=product&#038;p=2395"},"modified":"2025-12-03T13:14:56","modified_gmt":"2025-12-03T13:14:56","slug":"guante-de-nitrilo-steelpro","status":"publish","type":"product","link":"https:\/\/mercadeo21marketing.com\/empresa07\/product\/guante-de-nitrilo-steelpro\/","title":{"rendered":"Guante de nitrilo STEELPRO"},"content":{"rendered":"","protected":false},"excerpt":{"rendered":"<p>Guante de nitrilo Steelpro 13\u2033 \u2013 15 mil con flocado plus es un guante de trabajo de alta calidad dise\u00f1ado para proporcionar una protecci\u00f3n y comodidad \u00f3ptima durante largas horas de uso.<br \/>\nF\u00e1bricado con nitrilo, un material resistente y duradero que ofrece una excelente resistencia a la abrasi\u00f3n, cortes, perforaciones y una amplia gama de productos qu\u00edmicos.<\/p>\n","protected":false},"featured_media":0,"comment_status":"closed","ping_status":"closed","template":"","meta":[],"product_brand":[],"product_cat":[49,53],"product_tag":[],"class_list":{"0":"post-2395","1":"product","2":"type-product","3":"status-publish","5":"product_cat-epp-industrial-y-mineria","6":"product_cat-proteccion-manos","8":"first","9":"instock","10":"shipping-taxable","11":"product-type-simple"},"_links":{"self":[{"href":"https:\/\/mercadeo21marketing.com\/empresa07\/wp-json\/wp\/v2\/product\/2395","targetHints":{"allow":["GET"]}}],"collection":[{"href":"https:\/\/mercadeo21marketing.com\/empresa07\/wp-json\/wp\/v2\/product"}],"about":[{"href":"https:\/\/mercadeo21marketing.com\/empresa07\/wp-json\/wp\/v2\/types\/product"}],"replies":[{"embeddable":true,"href":"https:\/\/mercadeo21marketing.com\/empresa07\/wp-json\/wp\/v2\/comments?post=2395"}],"wp:attachment":[{"href":"https:\/\/mercadeo21marketing.com\/empresa07\/wp-json\/wp\/v2\/media?parent=2395"}],"wp:term":[{"taxonomy":"product_brand","embeddable":true,"href":"https:\/\/mercadeo21marketing.com\/empresa07\/wp-json\/wp\/v2\/product_brand?post=2395"},{"taxonomy":"product_cat","embeddable":true,"href":"https:\/\/mercadeo21marketing.com\/empresa07\/wp-json\/wp\/v2\/product_cat?post=2395"},{"taxonomy":"product_tag","embeddable":true,"href":"https:\/\/mercadeo21marketing.com\/empresa07\/wp-json\/wp\/v2\/product_tag?post=2395"}],"curies":[{"name":"wp","href":"https:\/\/api.w.org\/{rel}","templated":true}]}}