{"id":2379,"date":"2025-12-03T05:04:03","date_gmt":"2025-12-03T05:04:03","guid":{"rendered":"https:\/\/mercadeo21marketing.com\/empresa07\/?post_type=product&#038;p=2379"},"modified":"2025-12-03T13:15:37","modified_gmt":"2025-12-03T13:15:37","slug":"anteojos-virtua-luna-clara-3m","status":"publish","type":"product","link":"https:\/\/mercadeo21marketing.com\/empresa07\/product\/anteojos-virtua-luna-clara-3m\/","title":{"rendered":"Anteojos Virtua luna clara 3M"},"content":{"rendered":"","protected":false},"excerpt":{"rendered":"<p>Los lentes de seguridad 3M Virtua cuentan con protecci\u00f3n contra rayos UV, lo que los hace ideales para su uso en exteriores. Tienen un recubrimiento antiempa\u00f1amiento que los hace \u00f3ptimos para su uso en entornos con cambios de temperatura y humedad. Los lentes de seguridad 3M\u00a0Virtua son una excelente opci\u00f3n para la protecci\u00f3n de tus ojos en el entorno de trabajo.<\/p>\n","protected":false},"featured_media":0,"comment_status":"closed","ping_status":"closed","template":"","meta":[],"product_brand":[],"product_cat":[49,51],"product_tag":[],"class_list":{"0":"post-2379","1":"product","2":"type-product","3":"status-publish","5":"product_cat-epp-industrial-y-mineria","6":"product_cat-proteccion-visual","8":"first","9":"instock","10":"shipping-taxable","11":"product-type-simple"},"_links":{"self":[{"href":"https:\/\/mercadeo21marketing.com\/empresa07\/wp-json\/wp\/v2\/product\/2379","targetHints":{"allow":["GET"]}}],"collection":[{"href":"https:\/\/mercadeo21marketing.com\/empresa07\/wp-json\/wp\/v2\/product"}],"about":[{"href":"https:\/\/mercadeo21marketing.com\/empresa07\/wp-json\/wp\/v2\/types\/product"}],"replies":[{"embeddable":true,"href":"https:\/\/mercadeo21marketing.com\/empresa07\/wp-json\/wp\/v2\/comments?post=2379"}],"wp:attachment":[{"href":"https:\/\/mercadeo21marketing.com\/empresa07\/wp-json\/wp\/v2\/media?parent=2379"}],"wp:term":[{"taxonomy":"product_brand","embeddable":true,"href":"https:\/\/mercadeo21marketing.com\/empresa07\/wp-json\/wp\/v2\/product_brand?post=2379"},{"taxonomy":"product_cat","embeddable":true,"href":"https:\/\/mercadeo21marketing.com\/empresa07\/wp-json\/wp\/v2\/product_cat?post=2379"},{"taxonomy":"product_tag","embeddable":true,"href":"https:\/\/mercadeo21marketing.com\/empresa07\/wp-json\/wp\/v2\/product_tag?post=2379"}],"curies":[{"name":"wp","href":"https:\/\/api.w.org\/{rel}","templated":true}]}}