{"id":2373,"date":"2025-12-03T04:59:24","date_gmt":"2025-12-03T04:59:24","guid":{"rendered":"https:\/\/mercadeo21marketing.com\/empresa07\/?post_type=product&#038;p=2373"},"modified":"2025-12-03T13:15:49","modified_gmt":"2025-12-03T13:15:49","slug":"tapon-de-oido-con-estuche-steelpro","status":"publish","type":"product","link":"https:\/\/mercadeo21marketing.com\/empresa07\/product\/tapon-de-oido-con-estuche-steelpro\/","title":{"rendered":"Tap\u00f3n de o\u00eddo con estuche STEELPRO"},"content":{"rendered":"","protected":false},"excerpt":{"rendered":"<p>Brinda una efectiva e higi\u00e9nica protecci\u00f3n a los trabajadores que se desempe\u00f1an en \u00e1reas donde los niveles de ruido superan los 85 dB. NRR: 32dB. Fabricado en PVC siliconado hipoalerg\u00e9nico. Textura suave y blanda, para permitir su inserci\u00f3n en el canal auditivo. Tapones unidos por cord\u00f3n para mayor comodidad.<\/p>\n","protected":false},"featured_media":0,"comment_status":"closed","ping_status":"closed","template":"","meta":[],"product_brand":[],"product_cat":[49,50],"product_tag":[],"class_list":{"0":"post-2373","1":"product","2":"type-product","3":"status-publish","5":"product_cat-epp-industrial-y-mineria","6":"product_cat-proteccion-auditiva","8":"first","9":"instock","10":"shipping-taxable","11":"product-type-simple"},"_links":{"self":[{"href":"https:\/\/mercadeo21marketing.com\/empresa07\/wp-json\/wp\/v2\/product\/2373","targetHints":{"allow":["GET"]}}],"collection":[{"href":"https:\/\/mercadeo21marketing.com\/empresa07\/wp-json\/wp\/v2\/product"}],"about":[{"href":"https:\/\/mercadeo21marketing.com\/empresa07\/wp-json\/wp\/v2\/types\/product"}],"replies":[{"embeddable":true,"href":"https:\/\/mercadeo21marketing.com\/empresa07\/wp-json\/wp\/v2\/comments?post=2373"}],"wp:attachment":[{"href":"https:\/\/mercadeo21marketing.com\/empresa07\/wp-json\/wp\/v2\/media?parent=2373"}],"wp:term":[{"taxonomy":"product_brand","embeddable":true,"href":"https:\/\/mercadeo21marketing.com\/empresa07\/wp-json\/wp\/v2\/product_brand?post=2373"},{"taxonomy":"product_cat","embeddable":true,"href":"https:\/\/mercadeo21marketing.com\/empresa07\/wp-json\/wp\/v2\/product_cat?post=2373"},{"taxonomy":"product_tag","embeddable":true,"href":"https:\/\/mercadeo21marketing.com\/empresa07\/wp-json\/wp\/v2\/product_tag?post=2373"}],"curies":[{"name":"wp","href":"https:\/\/api.w.org\/{rel}","templated":true}]}}