{"id":2364,"date":"2025-12-03T04:54:04","date_gmt":"2025-12-03T04:54:04","guid":{"rendered":"https:\/\/mercadeo21marketing.com\/empresa07\/?post_type=product&#038;p=2364"},"modified":"2025-12-03T13:16:02","modified_gmt":"2025-12-03T13:16:02","slug":"orejera-peltor-h9a-3m","status":"publish","type":"product","link":"https:\/\/mercadeo21marketing.com\/empresa07\/product\/orejera-peltor-h9a-3m\/","title":{"rendered":"Orejera PELTOR H9A 3M"},"content":{"rendered":"","protected":false},"excerpt":{"rendered":"<p class=\"mds-font_body sps2-pdp_description--benefit\">Unas orejeras vers\u00e1tiles para colocar sobre la cabeza con una diadema de acero inoxidable para una fuerza constante y una protecci\u00f3n auditiva eficaz Para niveles de ruido de hasta 98 dBA.<br \/>\nLa construcci\u00f3n de acero inoxidable resiste la flexi\u00f3n y la deformaci\u00f3n.<br \/>\nLos puntos de pivote del auricular se inclinan para una comodidad y eficiencia \u00f3ptimas.<\/p>\n","protected":false},"featured_media":0,"comment_status":"closed","ping_status":"closed","template":"","meta":[],"product_brand":[],"product_cat":[49,50],"product_tag":[],"class_list":{"0":"post-2364","1":"product","2":"type-product","3":"status-publish","5":"product_cat-epp-industrial-y-mineria","6":"product_cat-proteccion-auditiva","8":"first","9":"instock","10":"shipping-taxable","11":"product-type-simple"},"_links":{"self":[{"href":"https:\/\/mercadeo21marketing.com\/empresa07\/wp-json\/wp\/v2\/product\/2364","targetHints":{"allow":["GET"]}}],"collection":[{"href":"https:\/\/mercadeo21marketing.com\/empresa07\/wp-json\/wp\/v2\/product"}],"about":[{"href":"https:\/\/mercadeo21marketing.com\/empresa07\/wp-json\/wp\/v2\/types\/product"}],"replies":[{"embeddable":true,"href":"https:\/\/mercadeo21marketing.com\/empresa07\/wp-json\/wp\/v2\/comments?post=2364"}],"wp:attachment":[{"href":"https:\/\/mercadeo21marketing.com\/empresa07\/wp-json\/wp\/v2\/media?parent=2364"}],"wp:term":[{"taxonomy":"product_brand","embeddable":true,"href":"https:\/\/mercadeo21marketing.com\/empresa07\/wp-json\/wp\/v2\/product_brand?post=2364"},{"taxonomy":"product_cat","embeddable":true,"href":"https:\/\/mercadeo21marketing.com\/empresa07\/wp-json\/wp\/v2\/product_cat?post=2364"},{"taxonomy":"product_tag","embeddable":true,"href":"https:\/\/mercadeo21marketing.com\/empresa07\/wp-json\/wp\/v2\/product_tag?post=2364"}],"curies":[{"name":"wp","href":"https:\/\/api.w.org\/{rel}","templated":true}]}}